{"id":22,"date":"2026-04-09T18:40:04","date_gmt":"2026-04-09T18:40:04","guid":{"rendered":"https:\/\/kinhmathoanggia.com\/?page_id=22"},"modified":"2026-04-10T04:06:32","modified_gmt":"2026-04-10T04:06:32","slug":"lien-he","status":"publish","type":"page","link":"https:\/\/kinhmathoanggia.com\/index.php\/lien-he\/","title":{"rendered":"Li\u00ean h\u1ec7"},"content":{"rendered":"\t<section class=\"section\" id=\"section_2106904240\">\n\t\t<div class=\"bg section-bg fill bg-fill  bg-loaded\" >\n\n\t\t\t\n\t\t\t\n\t\t\t\n\n\t\t<\/div>\n\n\t\t\n\n\t\t<div class=\"section-content relative\">\n\t\t\t\n\t<div class=\"img has-hover x md-x lg-x y md-y lg-y\" id=\"image_512905475\">\n\t\t\t\t\t\t\t\t<div class=\"img-inner dark\" >\n\t\t\t<img loading=\"lazy\" decoding=\"async\" width=\"1920\" height=\"500\" src=\"https:\/\/kinhmathoanggia.com\/wp-content\/uploads\/2026\/04\/PC-version.png\" class=\"attachment-original size-original\" alt=\"\" srcset=\"https:\/\/kinhmathoanggia.com\/wp-content\/uploads\/2026\/04\/PC-version.png 1920w, https:\/\/kinhmathoanggia.com\/wp-content\/uploads\/2026\/04\/PC-version-300x78.png 300w, https:\/\/kinhmathoanggia.com\/wp-content\/uploads\/2026\/04\/PC-version-1024x267.png 1024w, https:\/\/kinhmathoanggia.com\/wp-content\/uploads\/2026\/04\/PC-version-768x200.png 768w, https:\/\/kinhmathoanggia.com\/wp-content\/uploads\/2026\/04\/PC-version-1536x400.png 1536w, https:\/\/kinhmathoanggia.com\/wp-content\/uploads\/2026\/04\/PC-version-600x156.png 600w\" sizes=\"auto, (max-width: 1920px) 100vw, 1920px\" \/>\t\t\t\t\t\t\n\t\t\t\t\t<\/div>\n\t\t\t\t\t\t\t\t\n<style>\n#image_512905475 {\n  width: 100%;\n}\n<\/style>\n\t<\/div>\n\t\n\t\t<\/div>\n\n\t\t\n<style>\n#section_2106904240 {\n  padding-top: 0px;\n  padding-bottom: 0px;\n}\n<\/style>\n\t<\/section>\n\t\n\t<section class=\"section\" id=\"section_851930592\">\n\t\t<div class=\"bg section-bg fill bg-fill  bg-loaded\" >\n\n\t\t\t\n\t\t\t\n\t\t\t\n\n\t\t<\/div>\n\n\t\t\n\n\t\t<div class=\"section-content relative\">\n\t\t\t\n<div class=\"row\"  id=\"row-899164058\">\n\n\t<div id=\"col-313093321\" class=\"col pb-0 small-12 large-12\"  >\n\t\t\t\t<div class=\"col-inner\"  >\n\t\t\t\n\t\t\t\n\t<div id=\"text-4098233382\" class=\"text\">\n\t\t\n<h2 class=\"uppercase\">H\u1ed7 tr\u1ee3 t\u1eeb ch\u00fang t\u00f4i<br \/>\n<\/h2>\n\t\t\n<style>\n#text-4098233382 {\n  font-size: 1.2rem;\n  text-align: center;\n  color: #1a5ba8;\n}\n#text-4098233382 > * {\n  color: #1a5ba8;\n}\n<\/style>\n\t<\/div>\n\t\n\t\t<\/div>\n\t\t\t\t\t<\/div>\n\n\t\n<\/div>\n\t<div id=\"gap-905878935\" class=\"gap-element clearfix\" style=\"display:block; height:auto;\">\n\t\t\n<style>\n#gap-905878935 {\n  padding-top: 15px;\n}\n<\/style>\n\t<\/div>\n\t\n<div class=\"row\"  id=\"row-1332297495\">\n\n\t<div id=\"col-312789465\" class=\"col medium-4 small-12 large-4\"  >\n\t\t\t\t<div class=\"col-inner\"  >\n\t\t\t\n\t\t\t\n\n\t\t<div class=\"icon-box featured-box icon-box-center text-center\"  >\n\t\t\t\t\t<div class=\"icon-box-img\" style=\"width: 60px\">\n\t\t\t\t<div class=\"icon\">\n\t\t\t\t\t<div class=\"icon-inner\" >\n\t\t\t\t\t\t<img loading=\"lazy\" decoding=\"async\" width=\"276\" height=\"276\" src=\"https:\/\/kinhmathoanggia.com\/wp-content\/uploads\/2026\/04\/icon-lien-he.webp\" class=\"attachment-medium size-medium\" alt=\"\" srcset=\"https:\/\/kinhmathoanggia.com\/wp-content\/uploads\/2026\/04\/icon-lien-he.webp 276w, https:\/\/kinhmathoanggia.com\/wp-content\/uploads\/2026\/04\/icon-lien-he-150x150.webp 150w, https:\/\/kinhmathoanggia.com\/wp-content\/uploads\/2026\/04\/icon-lien-he-100x100.webp 100w\" sizes=\"auto, (max-width: 276px) 100vw, 276px\" \/>\t\t\t\t\t<\/div>\n\t\t\t\t<\/div>\n\t\t\t<\/div>\n\t\t\t\t<div class=\"icon-box-text last-reset\">\n\t\t\t\t\t\t\t\t\t\n<h3 class=\"uppercase\">Th\u00f4ng tin li\u00ean h\u1ec7<\/h3>\n<p>C\u00e1c th\u00f4ng tin li\u00ean h\u1ec7 h\u1ec7 th\u1ed1ng K\u00ednh Thanh Linh.<\/p>\n\t\t<\/div>\n\t<\/div>\n\t\n\t\n\t\t<\/div>\n\t\t\t\t\t<\/div>\n\n\t\n\n\t<div id=\"col-674385765\" class=\"col medium-4 small-12 large-4\"  >\n\t\t\t\t<div class=\"col-inner\"  >\n\t\t\t\n\t\t\t\n\n\t\t<div class=\"icon-box featured-box icon-box-center text-center\"  >\n\t\t\t\t\t<div class=\"icon-box-img\" style=\"width: 60px\">\n\t\t\t\t<div class=\"icon\">\n\t\t\t\t\t<div class=\"icon-inner\" >\n\t\t\t\t\t\t<img loading=\"lazy\" decoding=\"async\" width=\"276\" height=\"276\" src=\"https:\/\/kinhmathoanggia.com\/wp-content\/uploads\/2026\/04\/icon-dat-lich.webp\" class=\"attachment-medium size-medium\" alt=\"\" srcset=\"https:\/\/kinhmathoanggia.com\/wp-content\/uploads\/2026\/04\/icon-dat-lich.webp 276w, https:\/\/kinhmathoanggia.com\/wp-content\/uploads\/2026\/04\/icon-dat-lich-150x150.webp 150w, https:\/\/kinhmathoanggia.com\/wp-content\/uploads\/2026\/04\/icon-dat-lich-100x100.webp 100w\" sizes=\"auto, (max-width: 276px) 100vw, 276px\" \/>\t\t\t\t\t<\/div>\n\t\t\t\t<\/div>\n\t\t\t<\/div>\n\t\t\t\t<div class=\"icon-box-text last-reset\">\n\t\t\t\t\t\t\t\t\t\n<h3 class=\"uppercase\">\u0110\u1eb7t l\u1ecbch \u0111o m\u1eaft<\/h3>\n<p>Ch\u1ecdn khung gi\u1edd \u0111\u1eb7t l\u1ecbch \u0111o m\u1eaft nhanh nh\u1ea5t<\/p>\n\t\t<\/div>\n\t<\/div>\n\t\n\t\n\t\t<\/div>\n\t\t\t\t\t<\/div>\n\n\t\n\n\t<div id=\"col-158736939\" class=\"col medium-4 small-12 large-4\"  >\n\t\t\t\t<div class=\"col-inner\"  >\n\t\t\t\n\t\t\t\n\n\t\t<div class=\"icon-box featured-box icon-box-center text-center\"  >\n\t\t\t\t\t<div class=\"icon-box-img\" style=\"width: 60px\">\n\t\t\t\t<div class=\"icon\">\n\t\t\t\t\t<div class=\"icon-inner\" >\n\t\t\t\t\t\t<img loading=\"lazy\" decoding=\"async\" width=\"276\" height=\"276\" src=\"https:\/\/kinhmathoanggia.com\/wp-content\/uploads\/2026\/04\/icon-hoi-dap.webp\" class=\"attachment-medium size-medium\" alt=\"\" srcset=\"https:\/\/kinhmathoanggia.com\/wp-content\/uploads\/2026\/04\/icon-hoi-dap.webp 276w, https:\/\/kinhmathoanggia.com\/wp-content\/uploads\/2026\/04\/icon-hoi-dap-150x150.webp 150w, https:\/\/kinhmathoanggia.com\/wp-content\/uploads\/2026\/04\/icon-hoi-dap-100x100.webp 100w\" sizes=\"auto, (max-width: 276px) 100vw, 276px\" \/>\t\t\t\t\t<\/div>\n\t\t\t\t<\/div>\n\t\t\t<\/div>\n\t\t\t\t<div class=\"icon-box-text last-reset\">\n\t\t\t\t\t\t\t\t\t\n<h3 class=\"uppercase\">H\u1ed7 tr\u1ee3 tr\u1ef1c tuy\u1ebfn<\/h3>\n<p>S\u1eb5n s\u00e0ng h\u1ed7 tr\u1ee3 t\u01b0 v\u1ea5n v\u00e0 gi\u1ea3i \u0111\u00e1p m\u1ecdi th\u1eafc m\u1eafc<\/p>\n\t\t<\/div>\n\t<\/div>\n\t\n\t\n\t\t<\/div>\n\t\t\t\t\t<\/div>\n\n\t\n<\/div>\n\t\t<\/div>\n\n\t\t\n<style>\n#section_851930592 {\n  padding-top: 60px;\n  padding-bottom: 60px;\n  background-color: rgb(246, 246, 246);\n}\n<\/style>\n\t<\/section>\n\t\n\t<section class=\"section\" id=\"section_45070588\">\n\t\t<div class=\"bg section-bg fill bg-fill  bg-loaded\" >\n\n\t\t\t\n\t\t\t\n\t\t\t\n\n\t\t<\/div>\n\n\t\t\n\n\t\t<div class=\"section-content relative\">\n\t\t\t\n<div class=\"row\"  id=\"row-682664058\">\n\n\t<div id=\"col-1644116342\" class=\"col pb-0 items-center medium-6 small-12 large-6\"  >\n\t\t\t\t<div class=\"col-inner\"  >\n\t\t\t\n\t\t\t\n\t<div id=\"text-1814175166\" class=\"text\">\n\t\t\n<h2 class=\"uppercase\">C\u00f4ng ty tnhh k\u00ednh m\u1eaft Thanh Linh<\/h2>\n\t\t\n<style>\n#text-1814175166 {\n  font-size: 0.9rem;\n  color: #1a5ba8;\n}\n#text-1814175166 > * {\n  color: #1a5ba8;\n}\n<\/style>\n\t<\/div>\n\t\n<p>C\u00d4NG TY TNHH K\u00cdNH M\u1eaeT THANH LINH l\u00e0 \u0111\u01a1n v\u1ecb chuy\u00ean cung c\u1ea5p c\u00e1c s\u1ea3n ph\u1ea9m k\u00ednh m\u1eaft ch\u00ednh h\u00e3ng, \u0111a d\u1ea1ng m\u1eabu m\u00e3, ph\u00f9 h\u1ee3p v\u1edbi nhi\u1ec1u phong c\u00e1ch v\u00e0 nhu c\u1ea7u kh\u00e1c nhau. V\u1edbi \u0111\u1ecbnh h\u01b0\u1edbng mang \u0111\u1ebfn gi\u1ea3i ph\u00e1p th\u1ecb l\u1ef1c to\u00e0n di\u1ec7n, ch\u00fang t\u00f4i kh\u00f4ng ch\u1ec9 ch\u00fa tr\u1ecdng \u0111\u1ebfn ch\u1ea5t l\u01b0\u1ee3ng s\u1ea3n ph\u1ea9m m\u00e0 c\u00f2n \u0111\u1eb7t tr\u1ea3i nghi\u1ec7m v\u00e0 s\u1ef1 h\u00e0i l\u00f2ng c\u1ee7a kh\u00e1ch h\u00e0ng l\u00ean h\u00e0ng \u0111\u1ea7u.<\/p>\n<div class=\"footer-contact\">\n<div class=\"footer-item\"><i class=\"fa-solid fa-phone\"><\/i><a href=\"tel:0985628690\">0985.628.690<\/a><\/div>\n<div class=\"footer-item\"><i class=\"fa-solid fa-location-dot\"><\/i><span>S\u1ed1 11, ngh\u00e1ch 1\/44 ph\u1ed1 Phan \u0110\u00ecnh Gi\u00f3t, Ph\u01b0\u01a1ng Li\u1ec7t, Thanh Xu\u00e2n, H\u00e0 N\u1ed9i<\/span><\/div>\n<div class=\"footer-item\"><i class=\"fa-solid fa-envelope\"><\/i><a href=\"mailto:congtytnhhkinhmatthanhlinh@gmail.com\">congtytnhhkinhmatthanhlinh@gmail.com<\/a><\/div>\n<\/div>\n\t<div id=\"gap-1822345219\" class=\"gap-element clearfix\" style=\"display:block; height:auto;\">\n\t\t\n<style>\n#gap-1822345219 {\n  padding-top: 20px;\n}\n<\/style>\n\t<\/div>\n\t\n<div class=\"social-icons follow-icons\" ><a href=\"http:\/\/url\" target=\"_blank\" data-label=\"Facebook\" class=\"icon primary button circle facebook tooltip\" title=\"Follow on Facebook\" aria-label=\"Follow on Facebook\" rel=\"noopener nofollow\" ><i class=\"icon-facebook\" ><\/i><\/a><a href=\"http:\/\/url\" target=\"_blank\" data-label=\"Instagram\" class=\"icon primary button circle instagram tooltip\" title=\"Follow on Instagram\" aria-label=\"Follow on Instagram\" rel=\"noopener nofollow\" ><i class=\"icon-instagram\" ><\/i><\/a><a href=\"http:\/\/url\" data-label=\"Twitter\" target=\"_blank\" class=\"icon primary button circle twitter tooltip\" title=\"Follow on Twitter\" aria-label=\"Follow on Twitter\" rel=\"noopener nofollow\" ><i class=\"icon-twitter\" ><\/i><\/a><a href=\"mailto:your@email\" data-label=\"E-mail\" target=\"_blank\" class=\"icon primary button circle email tooltip\" title=\"Send us an email\" aria-label=\"Send us an email\" rel=\"nofollow noopener\" ><i class=\"icon-envelop\" ><\/i><\/a><\/div>\n\t\t<\/div>\n\t\t\t\t\t<\/div>\n\n\t\n\n\t<div id=\"col-1496046547\" class=\"col pb-0 medium-6 small-12 large-6\"  >\n\t\t\t\t<div class=\"col-inner\"  >\n\t\t\t\n\t\t\t\n\t<div id=\"text-2203461773\" class=\"text\">\n\t\t\n<h2 class=\"uppercase\">Xem ch\u1ec9 \u0111\u01b0\u1eddng<\/h2>\n\t\t\n<style>\n#text-2203461773 {\n  font-size: 0.9rem;\n  text-align: center;\n  color: #1a5ba8;\n}\n#text-2203461773 > * {\n  color: #1a5ba8;\n}\n<\/style>\n\t<\/div>\n\t\n\n<p><iframe src=\"https:\/\/www.google.com\/maps\/embed?pb=!1m18!1m12!1m3!1d1862.499133484051!2d105.83593974831717!3d20.992706586873577!2m3!1f0!2f0!3f0!3m2!1i1024!2i768!4f13.1!3m3!1m2!1s0x3135ac65b64a5a5b%3A0xf7d47970310e74cb!2zTmcuIDYyIFAuIFBoYW4gxJDDrG5oIEdpw7N0LCBQaMawxqFuZyBMaeG7h3QsIEjDoCBO4buZaSwgVmnhu4d0IE5hbQ!5e0!3m2!1svi!2s!4v1775787875246!5m2!1svi!2s\" width=\"100%\" height=\"350\" style=\"border:0;\" allowfullscreen=\"\" loading=\"lazy\" referrerpolicy=\"no-referrer-when-downgrade\"><\/iframe><br \/>\n\n\t\t<\/div>\n\t\t\t\t\t<\/div>\n\n\t\n<\/div>\n\t\t<\/div>\n\n\t\t\n<style>\n#section_45070588 {\n  padding-top: 30px;\n  padding-bottom: 30px;\n}\n<\/style>\n\t<\/section>\n\t\n","protected":false},"excerpt":{"rendered":"","protected":false},"author":1,"featured_media":0,"parent":0,"menu_order":0,"comment_status":"closed","ping_status":"closed","template":"page-blank.php","meta":{"footnotes":""},"class_list":["post-22","page","type-page","status-publish","hentry"],"_links":{"self":[{"href":"https:\/\/kinhmathoanggia.com\/index.php\/wp-json\/wp\/v2\/pages\/22","targetHints":{"allow":["GET"]}}],"collection":[{"href":"https:\/\/kinhmathoanggia.com\/index.php\/wp-json\/wp\/v2\/pages"}],"about":[{"href":"https:\/\/kinhmathoanggia.com\/index.php\/wp-json\/wp\/v2\/types\/page"}],"author":[{"embeddable":true,"href":"https:\/\/kinhmathoanggia.com\/index.php\/wp-json\/wp\/v2\/users\/1"}],"replies":[{"embeddable":true,"href":"https:\/\/kinhmathoanggia.com\/index.php\/wp-json\/wp\/v2\/comments?post=22"}],"version-history":[{"count":8,"href":"https:\/\/kinhmathoanggia.com\/index.php\/wp-json\/wp\/v2\/pages\/22\/revisions"}],"predecessor-version":[{"id":194,"href":"https:\/\/kinhmathoanggia.com\/index.php\/wp-json\/wp\/v2\/pages\/22\/revisions\/194"}],"wp:attachment":[{"href":"https:\/\/kinhmathoanggia.com\/index.php\/wp-json\/wp\/v2\/media?parent=22"}],"curies":[{"name":"wp","href":"https:\/\/api.w.org\/{rel}","templated":true}]}}