{"id":59,"date":"2026-04-09T18:50:44","date_gmt":"2026-04-09T18:50:44","guid":{"rendered":"https:\/\/kinhmathoanggia.com\/?post_type=product&#038;p=59"},"modified":"2026-04-09T18:50:45","modified_gmt":"2026-04-09T18:50:45","slug":"mau-moi-2026-limited-edition-rayban-nu-gong-kinh-nhua-chong-tia-uv-ma-0rb4441d_686880_53","status":"publish","type":"product","link":"https:\/\/kinhmathoanggia.com\/index.php\/product\/mau-moi-2026-limited-edition-rayban-nu-gong-kinh-nhua-chong-tia-uv-ma-0rb4441d_686880_53\/","title":{"rendered":"(M\u1eabu m\u1edbi 2026 \u2013 Limited Edition) RayBan N\u1eef \u2013 G\u1ecdng k\u00ednh Nh\u1ef1a \u2013 Ch\u1ed1ng tia UV \u2013 M\u00e3 0RB4441D_686880_53"},"content":{"rendered":"<p><img loading=\"lazy\" decoding=\"async\" class=\"size-full wp-image-22665 aligncenter entered pmloaded lazy-load-active\" title=\"(M\u1eabu m\u1edbi 2026 - Limited Edition) RayBan N\u1eef - G\u1ecdng k\u00ednh Nh\u1ef1a - Ch\u1ed1ng tia UV - M\u00e3 0RB4441D_686880_53 (3)\" src=\"https:\/\/kinhhaitrieu.com\/wp-content\/uploads\/2024\/07\/tentcard-rayban.jpg\" sizes=\"auto, (max-width: 900px) 100vw, 900px\" srcset=\"https:\/\/kinhhaitrieu.com\/wp-content\/uploads\/2024\/07\/tentcard-rayban.jpg 900w, https:\/\/kinhhaitrieu.com\/wp-content\/uploads\/2024\/07\/tentcard-rayban-600x750.jpg 600w\" alt=\"Tencard v\u1ec1 th\u01b0\u01a1ng hi\u1ec7u K\u00ednh RayBan\" width=\"900\" height=\"1125\" data-src=\"https:\/\/kinhhaitrieu.com\/wp-content\/uploads\/2024\/07\/tentcard-rayban.jpg\" data-srcset=\"https:\/\/kinhhaitrieu.com\/wp-content\/uploads\/2024\/07\/tentcard-rayban.jpg 900w, https:\/\/kinhhaitrieu.com\/wp-content\/uploads\/2024\/07\/tentcard-rayban-600x750.jpg 600w\" data-ll-status=\"loaded\" \/><\/p>\n","protected":false},"excerpt":{"rendered":"<p class=\"\" data-start=\"106\" data-end=\"455\">G\u1ecdng k\u00ednh 0455 l\u00e0 s\u1ef1 l\u1ef1a ch\u1ecdn ho\u00e0n h\u1ea3o cho nh\u1eefng c\u00f4 n\u00e0ng y\u00eau th\u00edch phong c\u00e1ch n\u1eef t\u00ednh, sang tr\u1ecdng nh\u01b0ng v\u1eabn tr\u1ebb trung, n\u0103ng \u0111\u1ed9ng. V\u1edbi ch\u1ea5t li\u1ec7u titanium cao c\u1ea5p, m\u00e0u v\u00e0ng h\u1ed3ng nh\u1eb9 nh\u00e0ng v\u00e0 d\u00e1ng tr\u00f2n tinh t\u1ebf, chi\u1ebfc k\u00ednh n\u00e0y kh\u00f4ng ch\u1ec9 gi\u00fap b\u1ea1n c\u1ea3i thi\u1ec7n th\u1ecb l\u1ef1c m\u00e0 c\u00f2n l\u00e0 m\u00f3n ph\u1ee5 ki\u1ec7n th\u1ec3 hi\u1ec7n phong c\u00e1ch v\u00e0 c\u00e1 t\u00ednh ri\u00eang bi\u1ec7t.<\/p>\n","protected":false},"featured_media":60,"comment_status":"open","ping_status":"closed","template":"","meta":[],"product_brand":[],"product_cat":[17,19,16,18],"product_tag":[],"class_list":{"0":"post-59","1":"product","2":"type-product","3":"status-publish","4":"has-post-thumbnail","6":"product_cat-gong-kinh","7":"product_cat-kinh-ap-trong","8":"product_cat-kinh-mat","9":"product_cat-trong-kinh","11":"first","12":"instock","13":"shipping-taxable","14":"purchasable","15":"product-type-simple"},"_links":{"self":[{"href":"https:\/\/kinhmathoanggia.com\/index.php\/wp-json\/wp\/v2\/product\/59","targetHints":{"allow":["GET"]}}],"collection":[{"href":"https:\/\/kinhmathoanggia.com\/index.php\/wp-json\/wp\/v2\/product"}],"about":[{"href":"https:\/\/kinhmathoanggia.com\/index.php\/wp-json\/wp\/v2\/types\/product"}],"replies":[{"embeddable":true,"href":"https:\/\/kinhmathoanggia.com\/index.php\/wp-json\/wp\/v2\/comments?post=59"}],"wp:featuredmedia":[{"embeddable":true,"href":"https:\/\/kinhmathoanggia.com\/index.php\/wp-json\/wp\/v2\/media\/60"}],"wp:attachment":[{"href":"https:\/\/kinhmathoanggia.com\/index.php\/wp-json\/wp\/v2\/media?parent=59"}],"wp:term":[{"taxonomy":"product_brand","embeddable":true,"href":"https:\/\/kinhmathoanggia.com\/index.php\/wp-json\/wp\/v2\/product_brand?post=59"},{"taxonomy":"product_cat","embeddable":true,"href":"https:\/\/kinhmathoanggia.com\/index.php\/wp-json\/wp\/v2\/product_cat?post=59"},{"taxonomy":"product_tag","embeddable":true,"href":"https:\/\/kinhmathoanggia.com\/index.php\/wp-json\/wp\/v2\/product_tag?post=59"}],"curies":[{"name":"wp","href":"https:\/\/api.w.org\/{rel}","templated":true}]}}